{"id":2798,"date":"2023-03-03T07:40:30","date_gmt":"2023-03-03T07:40:30","guid":{"rendered":"https:\/\/www.dotespressobar.sk\/?page_id=2798"},"modified":"2025-08-12T11:45:22","modified_gmt":"2025-08-12T09:45:22","slug":"eventy","status":"publish","type":"page","link":"https:\/\/www.dotespressobar.sk\/?page_id=2798","title":{"rendered":"Eventy"},"content":{"rendered":"\t\t<div data-elementor-type=\"wp-page\" data-elementor-id=\"2798\" class=\"elementor elementor-2798\" data-elementor-post-type=\"page\">\n\t\t\t\t\t\t<section class=\"elementor-section elementor-top-section elementor-element elementor-element-38e370a elementor-section-boxed elementor-section-height-default elementor-section-height-default\" data-id=\"38e370a\" data-element_type=\"section\" data-settings=\"{&quot;background_background&quot;:&quot;classic&quot;}\">\n\t\t\t\t\t\t<div class=\"elementor-container elementor-column-gap-default\">\n\t\t\t\t\t<div class=\"elementor-column elementor-col-100 elementor-top-column elementor-element elementor-element-e38c14b\" data-id=\"e38c14b\" data-element_type=\"column\">\n\t\t\t<div class=\"elementor-widget-wrap elementor-element-populated\">\n\t\t\t\t\t\t<section class=\"elementor-section elementor-inner-section elementor-element elementor-element-334f043 elementor-section-content-middle elementor-reverse-tablet elementor-reverse-mobile elementor-section-boxed elementor-section-height-default elementor-section-height-default\" data-id=\"334f043\" data-element_type=\"section\">\n\t\t\t\t\t\t<div class=\"elementor-container elementor-column-gap-no\">\n\t\t\t\t\t<div class=\"elementor-column elementor-col-33 elementor-inner-column elementor-element elementor-element-2f4bb97\" data-id=\"2f4bb97\" data-element_type=\"column\" data-settings=\"{&quot;background_background&quot;:&quot;classic&quot;}\">\n\t\t\t<div class=\"elementor-widget-wrap elementor-element-populated\">\n\t\t\t\t\t\t<div class=\"elementor-element elementor-element-1b0b8b9 elementor-widget elementor-widget-heading\" data-id=\"1b0b8b9\" data-element_type=\"widget\" data-widget_type=\"heading.default\">\n\t\t\t\t<div class=\"elementor-widget-container\">\n\t\t\t<h3 class=\"elementor-heading-title elementor-size-default\">Event u n\u00e1s \/ Pren\u00e1jom na\u0161ich priestorov<\/h3>\t\t<\/div>\n\t\t\t\t<\/div>\n\t\t\t\t<div class=\"elementor-element elementor-element-36b1a9b elementor-widget-divider--view-line elementor-widget elementor-widget-divider\" data-id=\"36b1a9b\" data-element_type=\"widget\" data-widget_type=\"divider.default\">\n\t\t\t\t<div class=\"elementor-widget-container\">\n\t\t\t\t\t<div class=\"elementor-divider\">\n\t\t\t<span class=\"elementor-divider-separator\">\n\t\t\t\t\t\t<\/span>\n\t\t<\/div>\n\t\t\t\t<\/div>\n\t\t\t\t<\/div>\n\t\t\t\t<div class=\"elementor-element elementor-element-dfd01b4 elementor-widget elementor-widget-text-editor\" data-id=\"dfd01b4\" data-element_type=\"widget\" data-widget_type=\"text-editor.default\">\n\t\t\t\t<div class=\"elementor-widget-container\">\n\t\t\t\t\t\t\t<p><span dir=\"ltr\" role=\"presentation\">DOT. Je u\u017e siedmym rokom ide\u00e1lne prostredie pre Va\u0161e eventy. <\/span><span dir=\"ltr\" role=\"presentation\">M\u00e1me radi v\u00fdnimo\u010dn\u00fa k\u00e1vu, v\u00fdborn\u00e9 jedlo a s\u00fa\u010dasn\u00e9 umenie, <\/span><span dir=\"ltr\" role=\"presentation\">preto V\u00e1m ich s l\u00e1skou a z\u00e1rukou kvality pon\u00fakame.<\/span><\/p><p><span dir=\"ltr\" role=\"presentation\">Spojen\u00edm gal\u00e9rie s\u00fa\u010dasn\u00e9ho umenia a kaviarne <\/span><span dir=\"ltr\" role=\"presentation\">sme vytvorili priestor, ktor\u00fd spln\u00ed po\u017eiadavky <\/span><span dir=\"ltr\" role=\"presentation\">aj t\u00fdch najn\u00e1ro\u010dnej\u0161\u00edch klientov.<\/span><\/p><p><span dir=\"ltr\" role=\"presentation\">Som ve\u013emi rada, \u017ee pre n\u00e1\u0161 eventov\u00fd koncept sme v roku <\/span><span dir=\"ltr\" role=\"presentation\">2021 na\u0161li nov\u00fd kr\u00e1sny priestor \u2013 n\u00e1rodn\u00fa kult\u00farnu pamiatku, <\/span><span dir=\"ltr\" role=\"presentation\">Jurkovi\u010dovu tepl\u00e1re\u0148, ktor\u00e1 poskytuje kvalitn\u00fd z\u00e1\u017eitok <\/span><span dir=\"ltr\" role=\"presentation\">z prepojenia umenia a kr\u00e1sneho industri\u00e1lneho priestoru.<\/span><\/p>\t\t\t\t\t\t<\/div>\n\t\t\t\t<\/div>\n\t\t\t\t<div class=\"elementor-element elementor-element-119ffc6 elementor-align-right elementor-mobile-align-center elementor-widget elementor-widget-button\" data-id=\"119ffc6\" data-element_type=\"widget\" data-widget_type=\"button.default\">\n\t\t\t\t<div class=\"elementor-widget-container\">\n\t\t\t\t\t\t\t<div class=\"elementor-button-wrapper\">\n\t\t\t\t\t<a class=\"elementor-button elementor-button-link elementor-size-sm\" href=\"https:\/\/www.dotespressobar.sk\/wp-content\/uploads\/2025\/08\/DOT_ponuka_3_preznetacia_december_2024.pdf.pdf\" target=\"_blank\">\n\t\t\t\t\t\t<span class=\"elementor-button-content-wrapper\">\n\t\t\t\t\t\t<span class=\"elementor-button-icon\">\n\t\t\t\t<i aria-hidden=\"true\" class=\"fas fa-info\"><\/i>\t\t\t<\/span>\n\t\t\t\t\t\t\t\t\t<span class=\"elementor-button-text\">Viac inform\u00e1ci\u00ed<\/span>\n\t\t\t\t\t<\/span>\n\t\t\t\t\t<\/a>\n\t\t\t\t<\/div>\n\t\t\t\t\t\t<\/div>\n\t\t\t\t<\/div>\n\t\t\t\t\t<\/div>\n\t\t<\/div>\n\t\t\t\t<div class=\"elementor-column elementor-col-66 elementor-inner-column elementor-element elementor-element-8e15daf\" data-id=\"8e15daf\" data-element_type=\"column\">\n\t\t\t<div class=\"elementor-widget-wrap elementor-element-populated\">\n\t\t\t\t\t\t<div class=\"elementor-element elementor-element-31be046 elementor-widget elementor-widget-image\" data-id=\"31be046\" data-element_type=\"widget\" data-widget_type=\"image.default\">\n\t\t\t\t<div class=\"elementor-widget-container\">\n\t\t\t\t\t\t\t\t\t\t\t\t\t<img fetchpriority=\"high\" decoding=\"async\" width=\"1024\" height=\"683\" src=\"https:\/\/www.dotespressobar.sk\/wp-content\/uploads\/2023\/01\/EY_Christmas_party__300-1024x683.jpg\" class=\"attachment-large size-large wp-image-2784\" alt=\"\" srcset=\"https:\/\/www.dotespressobar.sk\/wp-content\/uploads\/2023\/01\/EY_Christmas_party__300-1024x683.jpg 1024w, https:\/\/www.dotespressobar.sk\/wp-content\/uploads\/2023\/01\/EY_Christmas_party__300-600x400.jpg 600w, https:\/\/www.dotespressobar.sk\/wp-content\/uploads\/2023\/01\/EY_Christmas_party__300-300x200.jpg 300w, https:\/\/www.dotespressobar.sk\/wp-content\/uploads\/2023\/01\/EY_Christmas_party__300-768x512.jpg 768w, https:\/\/www.dotespressobar.sk\/wp-content\/uploads\/2023\/01\/EY_Christmas_party__300-1536x1024.jpg 1536w, https:\/\/www.dotespressobar.sk\/wp-content\/uploads\/2023\/01\/EY_Christmas_party__300.jpg 2048w\" sizes=\"(max-width: 1024px) 100vw, 1024px\" \/>\t\t\t\t\t\t\t\t\t\t\t\t\t<\/div>\n\t\t\t\t<\/div>\n\t\t\t\t\t<\/div>\n\t\t<\/div>\n\t\t\t\t\t<\/div>\n\t\t<\/section>\n\t\t\t\t\t<\/div>\n\t\t<\/div>\n\t\t\t\t\t<\/div>\n\t\t<\/section>\n\t\t\t\t<section class=\"elementor-section elementor-top-section elementor-element elementor-element-71549c6 elementor-section-full_width elementor-section-height-default elementor-section-height-default\" data-id=\"71549c6\" data-element_type=\"section\" data-settings=\"{&quot;background_background&quot;:&quot;classic&quot;}\">\n\t\t\t\t\t\t<div class=\"elementor-container elementor-column-gap-default\">\n\t\t\t\t\t<div class=\"elementor-column elementor-col-100 elementor-top-column elementor-element elementor-element-76a8d8b\" data-id=\"76a8d8b\" data-element_type=\"column\">\n\t\t\t<div class=\"elementor-widget-wrap elementor-element-populated\">\n\t\t\t\t\t\t<div class=\"elementor-element elementor-element-baef62e elementor-widget elementor-widget-gallery\" data-id=\"baef62e\" data-element_type=\"widget\" data-settings=\"{&quot;columns&quot;:8,&quot;gap&quot;:{&quot;unit&quot;:&quot;px&quot;,&quot;size&quot;:0,&quot;sizes&quot;:[]},&quot;aspect_ratio&quot;:&quot;9:16&quot;,&quot;lazyload&quot;:&quot;yes&quot;,&quot;gallery_layout&quot;:&quot;grid&quot;,&quot;columns_tablet&quot;:2,&quot;columns_mobile&quot;:1,&quot;gap_tablet&quot;:{&quot;unit&quot;:&quot;px&quot;,&quot;size&quot;:10,&quot;sizes&quot;:[]},&quot;gap_mobile&quot;:{&quot;unit&quot;:&quot;px&quot;,&quot;size&quot;:10,&quot;sizes&quot;:[]},&quot;link_to&quot;:&quot;file&quot;,&quot;overlay_background&quot;:&quot;yes&quot;,&quot;content_hover_animation&quot;:&quot;fade-in&quot;}\" data-widget_type=\"gallery.default\">\n\t\t\t\t<div class=\"elementor-widget-container\">\n\t\t\t\t\t<div class=\"elementor-gallery__container\">\n\t\t\t\t\t\t\t<a class=\"e-gallery-item elementor-gallery-item elementor-animated-content\" href=\"https:\/\/www.dotespressobar.sk\/wp-content\/uploads\/2023\/03\/270274701_728260591886769_5953280969177497196_n.jpg\" data-elementor-open-lightbox=\"yes\" data-elementor-lightbox-slideshow=\"baef62e\" data-e-action-hash=\"#elementor-action%3Aaction%3Dlightbox%26settings%3DeyJpZCI6MjgxOSwidXJsIjoiaHR0cHM6XC9cL3d3dy5kb3Rlc3ByZXNzb2Jhci5za1wvd3AtY29udGVudFwvdXBsb2Fkc1wvMjAyM1wvMDNcLzI3MDI3NDcwMV83MjgyNjA1OTE4ODY3NjlfNTk1MzI4MDk2OTE3NzQ5NzE5Nl9uLmpwZyIsInNsaWRlc2hvdyI6ImJhZWY2MmUifQ%3D%3D\">\n\t\t\t\t\t<div class=\"e-gallery-image elementor-gallery-item__image\" data-thumbnail=\"https:\/\/www.dotespressobar.sk\/wp-content\/uploads\/2023\/03\/270274701_728260591886769_5953280969177497196_n.jpg\" data-width=\"750\" data-height=\"563\" aria-label=\"\" role=\"img\" ><\/div>\n\t\t\t\t\t\t\t\t\t\t\t<div class=\"elementor-gallery-item__overlay\"><\/div>\n\t\t\t\t\t\t\t\t\t\t\t\t\t\t<\/a>\n\t\t\t\t\t\t\t<a class=\"e-gallery-item elementor-gallery-item elementor-animated-content\" href=\"https:\/\/www.dotespressobar.sk\/wp-content\/uploads\/2023\/01\/IMG_3484.jpg\" data-elementor-open-lightbox=\"yes\" data-elementor-lightbox-slideshow=\"baef62e\" data-e-action-hash=\"#elementor-action%3Aaction%3Dlightbox%26settings%3DeyJpZCI6Mjc4NSwidXJsIjoiaHR0cHM6XC9cL3d3dy5kb3Rlc3ByZXNzb2Jhci5za1wvd3AtY29udGVudFwvdXBsb2Fkc1wvMjAyM1wvMDFcL0lNR18zNDg0LmpwZyIsInNsaWRlc2hvdyI6ImJhZWY2MmUifQ%3D%3D\">\n\t\t\t\t\t<div class=\"e-gallery-image elementor-gallery-item__image\" data-thumbnail=\"https:\/\/www.dotespressobar.sk\/wp-content\/uploads\/2023\/01\/IMG_3484.jpg\" data-width=\"2048\" data-height=\"1536\" aria-label=\"\" role=\"img\" ><\/div>\n\t\t\t\t\t\t\t\t\t\t\t<div class=\"elementor-gallery-item__overlay\"><\/div>\n\t\t\t\t\t\t\t\t\t\t\t\t\t\t<\/a>\n\t\t\t\t\t\t\t<a class=\"e-gallery-item elementor-gallery-item elementor-animated-content\" href=\"https:\/\/www.dotespressobar.sk\/wp-content\/uploads\/2023\/01\/EY_Christmas_party__2621-scaled.jpg\" data-elementor-open-lightbox=\"yes\" data-elementor-lightbox-slideshow=\"baef62e\" data-e-action-hash=\"#elementor-action%3Aaction%3Dlightbox%26settings%3DeyJpZCI6Mjc4MywidXJsIjoiaHR0cHM6XC9cL3d3dy5kb3Rlc3ByZXNzb2Jhci5za1wvd3AtY29udGVudFwvdXBsb2Fkc1wvMjAyM1wvMDFcL0VZX0NocmlzdG1hc19wYXJ0eV9fMjYyMS1zY2FsZWQuanBnIiwic2xpZGVzaG93IjoiYmFlZjYyZSJ9\">\n\t\t\t\t\t<div class=\"e-gallery-image elementor-gallery-item__image\" data-thumbnail=\"https:\/\/www.dotespressobar.sk\/wp-content\/uploads\/2023\/01\/EY_Christmas_party__2621-scaled.jpg\" data-width=\"1707\" data-height=\"2560\" aria-label=\"\" role=\"img\" ><\/div>\n\t\t\t\t\t\t\t\t\t\t\t<div class=\"elementor-gallery-item__overlay\"><\/div>\n\t\t\t\t\t\t\t\t\t\t\t\t\t\t<\/a>\n\t\t\t\t\t\t\t<a class=\"e-gallery-item elementor-gallery-item elementor-animated-content\" href=\"https:\/\/www.dotespressobar.sk\/wp-content\/uploads\/2023\/03\/IMGL0862-scaled.jpg\" data-elementor-open-lightbox=\"yes\" data-elementor-lightbox-slideshow=\"baef62e\" data-elementor-lightbox-title=\"IMGL0862\" data-e-action-hash=\"#elementor-action%3Aaction%3Dlightbox%26settings%3DeyJpZCI6MjgyMCwidXJsIjoiaHR0cHM6XC9cL3d3dy5kb3Rlc3ByZXNzb2Jhci5za1wvd3AtY29udGVudFwvdXBsb2Fkc1wvMjAyM1wvMDNcL0lNR0wwODYyLXNjYWxlZC5qcGciLCJzbGlkZXNob3ciOiJiYWVmNjJlIn0%3D\">\n\t\t\t\t\t<div class=\"e-gallery-image elementor-gallery-item__image\" data-thumbnail=\"https:\/\/www.dotespressobar.sk\/wp-content\/uploads\/2023\/03\/IMGL0862-scaled.jpg\" data-width=\"2560\" data-height=\"1707\" aria-label=\"\" role=\"img\" ><\/div>\n\t\t\t\t\t\t\t\t\t\t\t<div class=\"elementor-gallery-item__overlay\"><\/div>\n\t\t\t\t\t\t\t\t\t\t\t\t\t\t<\/a>\n\t\t\t\t\t\t\t<a class=\"e-gallery-item elementor-gallery-item elementor-animated-content\" href=\"https:\/\/www.dotespressobar.sk\/wp-content\/uploads\/2023\/01\/ET_4885-202201271.jpg\" data-elementor-open-lightbox=\"yes\" data-elementor-lightbox-slideshow=\"baef62e\" data-e-action-hash=\"#elementor-action%3Aaction%3Dlightbox%26settings%3DeyJpZCI6Mjc4MSwidXJsIjoiaHR0cHM6XC9cL3d3dy5kb3Rlc3ByZXNzb2Jhci5za1wvd3AtY29udGVudFwvdXBsb2Fkc1wvMjAyM1wvMDFcL0VUXzQ4ODUtMjAyMjAxMjcxLmpwZyIsInNsaWRlc2hvdyI6ImJhZWY2MmUifQ%3D%3D\">\n\t\t\t\t\t<div class=\"e-gallery-image elementor-gallery-item__image\" data-thumbnail=\"https:\/\/www.dotespressobar.sk\/wp-content\/uploads\/2023\/01\/ET_4885-202201271.jpg\" data-width=\"2048\" data-height=\"1365\" aria-label=\"\" role=\"img\" ><\/div>\n\t\t\t\t\t\t\t\t\t\t\t<div class=\"elementor-gallery-item__overlay\"><\/div>\n\t\t\t\t\t\t\t\t\t\t\t\t\t\t<\/a>\n\t\t\t\t\t\t\t<a class=\"e-gallery-item elementor-gallery-item elementor-animated-content\" href=\"https:\/\/www.dotespressobar.sk\/wp-content\/uploads\/2022\/09\/IMG_7110-1-scaled.jpg\" data-elementor-open-lightbox=\"yes\" data-elementor-lightbox-slideshow=\"baef62e\" data-e-action-hash=\"#elementor-action%3Aaction%3Dlightbox%26settings%3DeyJpZCI6MjYwMSwidXJsIjoiaHR0cHM6XC9cL3d3dy5kb3Rlc3ByZXNzb2Jhci5za1wvd3AtY29udGVudFwvdXBsb2Fkc1wvMjAyMlwvMDlcL0lNR183MTEwLTEtc2NhbGVkLmpwZyIsInNsaWRlc2hvdyI6ImJhZWY2MmUifQ%3D%3D\">\n\t\t\t\t\t<div class=\"e-gallery-image elementor-gallery-item__image\" data-thumbnail=\"https:\/\/www.dotespressobar.sk\/wp-content\/uploads\/2022\/09\/IMG_7110-1-scaled.jpg\" data-width=\"1920\" data-height=\"2560\" aria-label=\"\" role=\"img\" ><\/div>\n\t\t\t\t\t\t\t\t\t\t\t<div class=\"elementor-gallery-item__overlay\"><\/div>\n\t\t\t\t\t\t\t\t\t\t\t\t\t\t<\/a>\n\t\t\t\t\t\t\t<a class=\"e-gallery-item elementor-gallery-item elementor-animated-content\" href=\"https:\/\/www.dotespressobar.sk\/wp-content\/uploads\/2023\/01\/DOT-fullres-151-1-scaled.jpg\" data-elementor-open-lightbox=\"yes\" data-elementor-lightbox-slideshow=\"baef62e\" data-e-action-hash=\"#elementor-action%3Aaction%3Dlightbox%26settings%3DeyJpZCI6Mjc4MiwidXJsIjoiaHR0cHM6XC9cL3d3dy5kb3Rlc3ByZXNzb2Jhci5za1wvd3AtY29udGVudFwvdXBsb2Fkc1wvMjAyM1wvMDFcL0RPVC1mdWxscmVzLTE1MS0xLXNjYWxlZC5qcGciLCJzbGlkZXNob3ciOiJiYWVmNjJlIn0%3D\">\n\t\t\t\t\t<div class=\"e-gallery-image elementor-gallery-item__image\" data-thumbnail=\"https:\/\/www.dotespressobar.sk\/wp-content\/uploads\/2023\/01\/DOT-fullres-151-1-scaled.jpg\" data-width=\"2560\" data-height=\"1709\" aria-label=\"\" role=\"img\" ><\/div>\n\t\t\t\t\t\t\t\t\t\t\t<div class=\"elementor-gallery-item__overlay\"><\/div>\n\t\t\t\t\t\t\t\t\t\t\t\t\t\t<\/a>\n\t\t\t\t\t<\/div>\n\t\t\t<\/div>\n\t\t\t\t<\/div>\n\t\t\t\t\t<\/div>\n\t\t<\/div>\n\t\t\t\t\t<\/div>\n\t\t<\/section>\n\t\t\t\t<\/div>\n\t\t","protected":false},"excerpt":{"rendered":"<p>Event u n\u00e1s \/ Pren\u00e1jom na\u0161ich priestorov DOT. Je u\u017e siedmym rokom ide\u00e1lne prostredie pre Va\u0161e eventy. M\u00e1me radi v\u00fdnimo\u010dn\u00fa k\u00e1vu, v\u00fdborn\u00e9 jedlo a s\u00fa\u010dasn\u00e9 umenie, preto V\u00e1m ich s l\u00e1skou a z\u00e1rukou kvality pon\u00fakame. Spojen\u00edm gal\u00e9rie s\u00fa\u010dasn\u00e9ho umenia a kaviarne sme vytvorili priestor, ktor\u00fd spln\u00ed po\u017eiadavky aj t\u00fdch najn\u00e1ro\u010dnej\u0161\u00edch klientov. Som ve\u013emi rada, \u017ee &hellip;<\/p>\n<p class=\"read-more\"> <a class=\"\" href=\"https:\/\/www.dotespressobar.sk\/?page_id=2798\"> <span class=\"screen-reader-text\">Eventy<\/span> \u010c\u00edtajte viac &raquo;<\/a><\/p>\n","protected":false},"author":1,"featured_media":0,"parent":0,"menu_order":0,"comment_status":"closed","ping_status":"closed","template":"","meta":{"site-sidebar-layout":"no-sidebar","site-content-layout":"page-builder","ast-main-header-display":"","ast-hfb-above-header-display":"","ast-hfb-below-header-display":"","ast-hfb-mobile-header-display":"","site-post-title":"disabled","ast-breadcrumbs-content":"","ast-featured-img":"disabled","footer-sml-layout":"","theme-transparent-header-meta":"","adv-header-id-meta":"","stick-header-meta":"","header-above-stick-meta":"","header-main-stick-meta":"","header-below-stick-meta":"","footnotes":""},"class_list":["post-2798","page","type-page","status-publish","hentry"],"_links":{"self":[{"href":"https:\/\/www.dotespressobar.sk\/index.php?rest_route=\/wp\/v2\/pages\/2798","targetHints":{"allow":["GET"]}}],"collection":[{"href":"https:\/\/www.dotespressobar.sk\/index.php?rest_route=\/wp\/v2\/pages"}],"about":[{"href":"https:\/\/www.dotespressobar.sk\/index.php?rest_route=\/wp\/v2\/types\/page"}],"author":[{"embeddable":true,"href":"https:\/\/www.dotespressobar.sk\/index.php?rest_route=\/wp\/v2\/users\/1"}],"replies":[{"embeddable":true,"href":"https:\/\/www.dotespressobar.sk\/index.php?rest_route=%2Fwp%2Fv2%2Fcomments&post=2798"}],"version-history":[{"count":40,"href":"https:\/\/www.dotespressobar.sk\/index.php?rest_route=\/wp\/v2\/pages\/2798\/revisions"}],"predecessor-version":[{"id":3531,"href":"https:\/\/www.dotespressobar.sk\/index.php?rest_route=\/wp\/v2\/pages\/2798\/revisions\/3531"}],"wp:attachment":[{"href":"https:\/\/www.dotespressobar.sk\/index.php?rest_route=%2Fwp%2Fv2%2Fmedia&parent=2798"}],"curies":[{"name":"wp","href":"https:\/\/api.w.org\/{rel}","templated":true}]}}